{"id":121,"date":"2023-08-31T11:39:23","date_gmt":"2023-08-31T09:39:23","guid":{"rendered":"https:\/\/provenceoccitanieavecsylvia.com\/?page_id=121"},"modified":"2023-09-03T15:33:54","modified_gmt":"2023-09-03T13:33:54","slug":"les-visites-pedestres-a-montpellier","status":"publish","type":"page","link":"https:\/\/provenceoccitanieavecsylvia.com\/index.php\/les-visites-pedestres-a-montpellier\/","title":{"rendered":"Les visites p\u00e9destres \u00e0 Montpellier"},"content":{"rendered":"\n<p><strong><em>Les visites incontournables<\/em><\/strong><br><strong>Dur\u00e9e : 1h45 Prix : 15\u20ac par personne pour des groupes de 5 personnes minimum<\/strong><br>D\u00e9couvrez le centre historique de Montpellier et son Histoire, \u00e0 travers une visite essentielle, une visite incontournable, \u00e0 la rencontre des grands sites du centre-ville, montpelli\u00e9rain.e ou non, cette visite est faite pour vous.<br>* Qu&rsquo;est-ce qui fait de la Place de la Com\u00e9die un lieu de rendez-vous si symbolique ?<br>* Que trouve-t&rsquo;on dans les sous-sols de la ville ?<br>* Quels sont les grands travaux qui ont modifi\u00e9 la ville ?<br>* Que comprendre du nom des rues du centre-ville ?<br>* Quelles grandes personnalit\u00e9s ont v\u00e9cu dans l&rsquo;Ecusson ?<br><strong>Uniquement sur r\u00e9servation (places limit\u00e9es) sur la page tarifs-r\u00e9servation du site ou sur ProvenceOccitanieAvecSylvia@gmail.com.<\/strong><\/p>\n\n\n\n<p><\/p>\n\n\n\n<p><strong><em>Femmes montpellieraines, la ville sous un autre regard<\/em><\/strong><br>Cette visite guid\u00e9e vous pr\u00e9sentera les liens existant entre des lieux embl\u00e9matiques de Montpellier et des personnages f\u00e9minins connus ou m\u00e9connus. Vivez un voyage dans le temps en suivant l&rsquo;Histoire de ces femmes qui ont fait notre Histoire.<br>* Quel \u00e9tait le quotidien des femmes \u00e0 Montpellier au Moyen-\u00e2ge ?<br>* Qui \u00e9tait Marie-de-Montpellier, et en quoi son r\u00f4le a-t&rsquo;il \u00e9t\u00e9 essentiel sur la politique montpellieraine ?<br>* Quelles sont les premi\u00e8res femmes \u00e0 avoir eu acc\u00e8s \u00e0 l&rsquo;\u00e9ducation \u00e0 Montpellier et dans quelles conditions ?<br>* Quels lieux du centre historique ont \u00e9t\u00e9 marqu\u00e9s par la pr\u00e9sence des femmes ?<br><strong>Uniquement sur r\u00e9servation (place limit\u00e9es) sur la page tarifs-r\u00e9servation du site ou sur ProvenceOccitanieAvecSylvia@gmail.com.<\/strong><\/p>\n\n\n\n<p><\/p>\n\n\n\n<p><strong><em>Montpellier d&rsquo;Hier \u00e0 Aujourd&rsquo;hui : ceci n&rsquo;est pas une visite, c&rsquo;est un voyage dans le temps<\/em><\/strong><br>Si je vous offrais, le temps d&rsquo;une visite, le pouvoir de voyager dans le pass\u00e9 ?<br>Vous \u00eates-vous d\u00e9j\u00e0 demand\u00e9 ce qu&rsquo;\u00e9tait Montpellier avant d&rsquo;\u00eatre Montpellier ?<br>Ces rues ont-elles toujours exist\u00e9 ?<br>Qui \u00e9taient les habitants de nos quartiers du centre-ville ?<br>Pourquoi la ville a-t&rsquo;elle tant chang\u00e9 ?<br>Je vous dirai tout, o\u00f9 presque, le temps d&rsquo;une visite guid\u00e9e riche. Au d\u00e9part du point culminant de la ville : les jardins du Peyrou. Nous avancerons dans le temps et finirons notre aventure au sein du quartier le plus spectaculaire et le plus contemporain de la ville : Antigone.<br>Pr\u00eat.e.s pour un voyage atypique de l&rsquo;\u00e9cusson montpellierain aux quartiers de celle qu&rsquo;on appelle la \u00ab\u00a0surdou\u00e9e\u00a0\u00bb<br><strong>visite de 2h00 exclusivement en ext\u00e9rieur.<\/strong><\/p>\n\n\n\n<p><br><\/p>\n","protected":false},"excerpt":{"rendered":"<p>Les visites incontournablesDur\u00e9e : 1h45 Prix : 15\u20ac par personne pour des groupes de 5 personnes minimumD\u00e9couvrez le centre historique de Montpellier et son Histoire, \u00e0 travers une visite essentielle, une visite incontournable, \u00e0 la rencontre des grands sites du centre-ville, montpelli\u00e9rain.e ou non, cette visite est faite pour vous.* Qu&rsquo;est-ce qui fait de la [&hellip;]<\/p>\n","protected":false},"author":1,"featured_media":0,"parent":0,"menu_order":0,"comment_status":"closed","ping_status":"closed","template":"","meta":{"_et_pb_use_builder":"","_et_pb_old_content":"","_et_gb_content_width":"","footnotes":""},"class_list":["post-121","page","type-page","status-publish","hentry"],"_links":{"self":[{"href":"https:\/\/provenceoccitanieavecsylvia.com\/index.php\/wp-json\/wp\/v2\/pages\/121","targetHints":{"allow":["GET"]}}],"collection":[{"href":"https:\/\/provenceoccitanieavecsylvia.com\/index.php\/wp-json\/wp\/v2\/pages"}],"about":[{"href":"https:\/\/provenceoccitanieavecsylvia.com\/index.php\/wp-json\/wp\/v2\/types\/page"}],"author":[{"embeddable":true,"href":"https:\/\/provenceoccitanieavecsylvia.com\/index.php\/wp-json\/wp\/v2\/users\/1"}],"replies":[{"embeddable":true,"href":"https:\/\/provenceoccitanieavecsylvia.com\/index.php\/wp-json\/wp\/v2\/comments?post=121"}],"version-history":[{"count":2,"href":"https:\/\/provenceoccitanieavecsylvia.com\/index.php\/wp-json\/wp\/v2\/pages\/121\/revisions"}],"predecessor-version":[{"id":466,"href":"https:\/\/provenceoccitanieavecsylvia.com\/index.php\/wp-json\/wp\/v2\/pages\/121\/revisions\/466"}],"wp:attachment":[{"href":"https:\/\/provenceoccitanieavecsylvia.com\/index.php\/wp-json\/wp\/v2\/media?parent=121"}],"curies":[{"name":"wp","href":"https:\/\/api.w.org\/{rel}","templated":true}]}}