{"id":124,"date":"2023-08-31T11:38:56","date_gmt":"2023-08-31T09:38:56","guid":{"rendered":"https:\/\/provenceoccitanieavecsylvia.com\/?page_id=124"},"modified":"2023-09-03T15:27:07","modified_gmt":"2023-09-03T13:27:07","slug":"les-excursions-en-provence-et-en-occitanie","status":"publish","type":"page","link":"https:\/\/provenceoccitanieavecsylvia.com\/index.php\/les-excursions-en-provence-et-en-occitanie\/","title":{"rendered":"Les excursions en Provence et en Occitanie"},"content":{"rendered":"\n<p><\/p>\n\n\n\n<p><strong><em>Circuit les plus beaux sites du Luberon<\/em><\/strong><br><strong>8h30 : D\u00e9part d&rsquo;Avignon pour l&rsquo;Isle sur la Sorgue<\/strong><br>D\u00e9couverte du plus beau march\u00e9 proven\u00e7al du Vaucluse. L&rsquo;Isle est surtout connu pour son village d&rsquo;antiquaires. Immersion dans les couleurs et parfums de Provence.<br><strong>10h15 : D\u00e9part pour Fontaine de Vaucluse<\/strong><br>Lieu fa\u00e7onn\u00e9 de l\u00e9gendes qui a inspir\u00e9 de nombreux artistes. Sa source myst\u00e9rieuse est une curiosit\u00e9  g\u00e9ologique qui a mis l&rsquo;homme au d\u00e9fi. La beaut\u00e9 de ce site ne laisse pas indiff\u00e9rent.<br><strong>11h30 : D\u00e9part pour Gordes.<\/strong><br>Apr\u00e8s un arr\u00eat photo sur le village de Gordes (une \u00e9tape dans le village est possible, m\u00eame si la visite pr\u00e9sente selon moi moins d&rsquo;int\u00e9r\u00eat), le groupe pourra profiter d&rsquo;un d\u00e9jeuner proven\u00e7al dans un excellent restaurant situ\u00e9 en contrebas du village (L&rsquo;Estellan).<br><strong>13h45 : D\u00e9part pour Roussillon<\/strong><br>Simple visite du village, mini randonn\u00e9e sur le sentier des ocres (30 mn), d\u00e9couverte de OKRAS (L&rsquo;\u00e9cole des ocres), en 1h, le groupe pourra s&rsquo;immerger dans l&rsquo;univer des ocres proven\u00e7ales.<br><strong>15h30 : retour vers Avignon<\/strong><br>Visite des grands sites essentiels de la ville, possibilit\u00e9 de profiter de billets combin\u00e9s Palais des Papes\/Pont Saint B\u00e9n\u00e9zet. Il est essentiel de commencer la visite du Palais avant 17h (voir affluence)<br><strong>Fin de la journ\u00e9e : 18h00<\/strong><\/p>\n\n\n\n<p><\/p>\n\n\n\n<p><strong><em>Circuit Voyage entre Van Gogh et les Antiques<\/em><\/strong><br><strong>9h00 : D\u00e9part pour Arles.<\/strong><br>Visite guid\u00e9e au coeur d&rsquo;une ville \u00e0 l&rsquo;identit\u00e9 pr\u00e9serv\u00e9e, marqu\u00e9e par le passage d&rsquo;artistes impressionnistes de renom. (acc\u00e8s Ar\u00e8nes inclus et d\u00e9couverte du plus grand march\u00e9 de Provence en fonction du jour de la semaine)<br>Minimum 2h00 de visite.<br><strong>11h30 : D\u00e9part pour Saint-R\u00e9my-de-Provence<\/strong><br>D\u00e9jeuner dans un restaurant proven\u00e7al au coeur de la ville de Nostradamus<br>13h45 : Pr\u00e9sentation des Antiques et de la ville de Glanum . Visite de l&rsquo;H\u00f4pital o\u00f9 Van Gogh a pass\u00e9 la derni\u00e8re ann\u00e9e de sa vie en Provence.<br><strong>14h30 : D\u00e9part pour les Baux.<\/strong><br>Etape rapide pour profiter de la vue sur le village des Baux. Temps libre dans le village des Baux-de-Provence. (Possibilit\u00e9 de visiter les Carri\u00e8res de Lumi\u00e8res)<br><strong>15h15 : Retour vers Avignon<\/strong><br>Visite du Palais des Papes et fin de visite depuis le jardin des Doms pour profiter de la vue sur le pont et les berges du Rh\u00f4ne.<br><strong>Fin de visite : 18h<\/strong><\/p>\n\n\n\n<p><\/p>\n\n\n\n<p><strong><em>Circuit Splendeurs de Camargue<\/em><\/strong><br><strong>9h : D\u00e9part pour la ville d&rsquo;Aigues-Mortes.<\/strong><br>D\u00e9couverte d&rsquo;une bastide m\u00e9di\u00e9vale au coeur de paysages atypiques. Aigues-Mortes vous fera voyager au temps des croisades de Louis IX. Visite de la ville et de ses remparts. Temps libre pour d\u00e9jeuner.<br><strong>13h00 : D\u00e9part pour le Parc ornithologique du Pont de Gau<\/strong><br>Amatrices et amateurs de paysages \u00e9poustouflants, vous serez ravis : la petites Camargue est une r\u00e9serve naturelle exceptionnelle b\u00e9n\u00e9ficiant de paysages contrast\u00e9s : rizi\u00e8res, salins, et Parc ornithologique d&rsquo;exception. Visite du Parc et observation des esp\u00e8ces prot\u00e9g\u00e9es.<br><strong>14h45 : D\u00e9part pour les Saintes-Maries-de-la-Mer<\/strong><br>Connue pour \u00eatre la capitale culturelle de la Camargue. Situ\u00e9e entre la M\u00e9diterran\u00e9e et des paysages sauvages d&rsquo;exception, elle est aussi le th\u00e9\u00e2tre de nombreuses l\u00e9gendes.<br>D\u00e9couvrez une ville myst\u00e9rieuse et vibrante avec votre guide. D\u00e9gustez des sp\u00e9cialit\u00e9s r\u00e9gionales lors d&rsquo;un petit go\u00fbter camarguais, les pieds dans le sable !<br><strong>Retour \u00e0 Avignon : 17h00<\/strong><\/p>\n\n\n\n<p><\/p>\n\n\n\n<p><strong><em>Circuit Les plus belles villes de Provence<\/em><\/strong><br><strong>9h00 Rdv sur la place de l&rsquo;Horloge \u00e0 Avignon<\/strong> pour une visite des Grands sites de la ville (voir billets combin\u00e9s Palais\/pont). Minimum 2h de visite<br><strong>11h : D\u00e9part pour Aix-en-Provence<\/strong><br>Apr\u00e8s un d\u00e9jeuner au coeur du centre historique, une visite de 1h permettra de faire d\u00e9couvrir les plus belles places et monuments de la ville.<br><strong>15h : D\u00e9part pour Marseille<\/strong><br>D\u00e9couverte de Notre Dame de la Garde, du Fort Saint Jean, de la Major et du quartier du Panier. 2 600 ans d&rsquo;Histoire s&rsquo;offrent \u00e0 nous pour une visite purement m\u00e9diterran\u00e9enne. (possibilit\u00e9 de d\u00e9gustation d&rsquo;huile d&rsquo;olive au panier)<br><strong>Retour \u00e0 Avignon : 18h30<\/strong><\/p>\n\n\n\n<p><\/p>\n\n\n\n<p>*<strong>Conditions particuli\u00e8res :<\/strong><br>* Ce type d&rsquo;excursions priv\u00e9es se font uniquement sur rendez-vous.<br>* Les tarifs incluent les prix des entr\u00e9es pour les monuments visit\u00e9s ainsi que la location d&rsquo;un v\u00e9hicule avec chauffeur.<br>* Les prix varient de 650 \u20ac \u00e0 950 \u20ac pour une journ\u00e9e compl\u00e8te. Devis sur demande.<br>* Les circuits d\u00e9velopp\u00e9s ci-dessus sont adaptables en fonction des d\u00e9sirs des visiteurs, et dans la mesure du possible.<br>* Les visites et l&rsquo;accompagnement avec votre guide se font en fran\u00e7ais et en anglais.<br>* Votre guide couvre toute la zone \u00ab\u00a0Grand Sud de France\u00a0\u00bb \u00e0 travers de nombreuses destinations. N&rsquo;h\u00e9sitez pas \u00e0 exprimer vos souhaits pour des villes non mentionn\u00e9es ci-dessus.<\/p>\n\n\n\n<p><\/p>\n","protected":false},"excerpt":{"rendered":"<p>Circuit les plus beaux sites du Luberon8h30 : D\u00e9part d&rsquo;Avignon pour l&rsquo;Isle sur la SorgueD\u00e9couverte du plus beau march\u00e9 proven\u00e7al du Vaucluse. L&rsquo;Isle est surtout connu pour son village d&rsquo;antiquaires. Immersion dans les couleurs et parfums de Provence.10h15 : D\u00e9part pour Fontaine de VaucluseLieu fa\u00e7onn\u00e9 de l\u00e9gendes qui a inspir\u00e9 de nombreux artistes. Sa source [&hellip;]<\/p>\n","protected":false},"author":1,"featured_media":0,"parent":0,"menu_order":0,"comment_status":"closed","ping_status":"closed","template":"","meta":{"_et_pb_use_builder":"","_et_pb_old_content":"","_et_gb_content_width":"","footnotes":""},"class_list":["post-124","page","type-page","status-publish","hentry"],"_links":{"self":[{"href":"https:\/\/provenceoccitanieavecsylvia.com\/index.php\/wp-json\/wp\/v2\/pages\/124","targetHints":{"allow":["GET"]}}],"collection":[{"href":"https:\/\/provenceoccitanieavecsylvia.com\/index.php\/wp-json\/wp\/v2\/pages"}],"about":[{"href":"https:\/\/provenceoccitanieavecsylvia.com\/index.php\/wp-json\/wp\/v2\/types\/page"}],"author":[{"embeddable":true,"href":"https:\/\/provenceoccitanieavecsylvia.com\/index.php\/wp-json\/wp\/v2\/users\/1"}],"replies":[{"embeddable":true,"href":"https:\/\/provenceoccitanieavecsylvia.com\/index.php\/wp-json\/wp\/v2\/comments?post=124"}],"version-history":[{"count":3,"href":"https:\/\/provenceoccitanieavecsylvia.com\/index.php\/wp-json\/wp\/v2\/pages\/124\/revisions"}],"predecessor-version":[{"id":461,"href":"https:\/\/provenceoccitanieavecsylvia.com\/index.php\/wp-json\/wp\/v2\/pages\/124\/revisions\/461"}],"wp:attachment":[{"href":"https:\/\/provenceoccitanieavecsylvia.com\/index.php\/wp-json\/wp\/v2\/media?parent=124"}],"curies":[{"name":"wp","href":"https:\/\/api.w.org\/{rel}","templated":true}]}}