{"id":404,"date":"2023-09-01T15:21:06","date_gmt":"2023-09-01T13:21:06","guid":{"rendered":"https:\/\/provenceoccitanieavecsylvia.com\/?page_id=404"},"modified":"2026-01-29T18:14:05","modified_gmt":"2026-01-29T17:14:05","slug":"mes-news","status":"publish","type":"page","link":"https:\/\/provenceoccitanieavecsylvia.com\/index.php\/mes-news\/","title":{"rendered":"Mes News"},"content":{"rendered":"<p>[et_pb_section fb_built=\u00a0\u00bb1&Prime; _builder_version=\u00a0\u00bb4.22.1&Prime; _module_preset=\u00a0\u00bbdefault\u00a0\u00bb min_height=\u00a0\u00bb800.7px\u00a0\u00bb custom_margin=\u00a0\u00bb||-204px|||\u00a0\u00bb custom_padding=\u00a0\u00bb||46px|||\u00a0\u00bb global_colors_info=\u00a0\u00bb{}\u00a0\u00bb][et_pb_row column_structure=\u00a0\u00bb1_4,1_4,1_4,1_4&Prime; _builder_version=\u00a0\u00bb4.22.1&Prime; _module_preset=\u00a0\u00bbdefault\u00a0\u00bb custom_margin=\u00a0\u00bb|auto|-5px|auto||\u00a0\u00bb custom_padding=\u00a0\u00bb||0px|||\u00a0\u00bb global_colors_info=\u00a0\u00bb{}\u00a0\u00bb][et_pb_column type=\u00a0\u00bb1_4&Prime; _builder_version=\u00a0\u00bb4.22.1&Prime; _module_preset=\u00a0\u00bbdefault\u00a0\u00bb global_colors_info=\u00a0\u00bb{}\u00a0\u00bb][et_pb_image src=\u00a0\u00bbhttps:\/\/provenceoccitanieavecsylvia.com\/wp-content\/uploads\/ProvenceOccitanieAvecSyviaJourneeMatrimoineMontpellier25.jpg\u00a0\u00bb title_text=\u00a0\u00bbProvenceOccitanieAvecSyviaJourneeMatrimoineMontpellier25&Prime; _builder_version=\u00a0\u00bb4.27.5&Prime; _module_preset=\u00a0\u00bbdefault\u00a0\u00bb global_colors_info=\u00a0\u00bb{}\u00a0\u00bb][\/et_pb_image][et_pb_image src=\u00a0\u00bbhttps:\/\/provenceoccitanieavecsylvia.com\/wp-content\/uploads\/ProvenceOccitanieAvecSylvia-Visite4.jpeg\u00a0\u00bb title_text=\u00a0\u00bbProvenceOccitanieAvecSylvia-Visite4&Prime; _builder_version=\u00a0\u00bb4.27.5&Prime; _module_preset=\u00a0\u00bbdefault\u00a0\u00bb hover_enabled=\u00a0\u00bb0&Prime; global_colors_info=\u00a0\u00bb{}\u00a0\u00bb sticky_enabled=\u00a0\u00bb0&Prime;][\/et_pb_image][\/et_pb_column][et_pb_column _builder_version=\u00a0\u00bb4.27.5&Prime; _module_preset=\u00a0\u00bbdefault\u00a0\u00bb type=\u00a0\u00bb1_4&Prime;][et_pb_heading title=\u00a0\u00bbNOS JOURN\u00c9ES DU PATRIMOINE 2025 &#8230;\u00a0\u00bb _builder_version=\u00a0\u00bb4.27.5&Prime; _module_preset=\u00a0\u00bbdefault\u00a0\u00bb hover_enabled=\u00a0\u00bb0&Prime; sticky_enabled=\u00a0\u00bb0&Prime;][\/et_pb_heading][et_pb_image src=\u00a0\u00bbhttps:\/\/provenceoccitanieavecsylvia.com\/wp-content\/uploads\/ProvenceOccitanieAvecSylvia-Visite1.jpeg\u00a0\u00bb title_text=\u00a0\u00bbProvenceOccitanieAvecSylvia-Visite1&Prime; _builder_version=\u00a0\u00bb4.27.5&Prime; _module_preset=\u00a0\u00bbdefault\u00a0\u00bb global_colors_info=\u00a0\u00bb{}\u00a0\u00bb][\/et_pb_image][et_pb_image src=\u00a0\u00bbhttps:\/\/provenceoccitanieavecsylvia.com\/wp-content\/uploads\/ProvenceOccitanieAvecSylvia-Visite5.jpeg\u00a0\u00bb title_text=\u00a0\u00bbProvenceOccitanieAvecSylvia-Visite5&Prime; _builder_version=\u00a0\u00bb4.27.5&Prime; _module_preset=\u00a0\u00bbdefault\u00a0\u00bb hover_enabled=\u00a0\u00bb0&Prime; global_colors_info=\u00a0\u00bb{}\u00a0\u00bb sticky_enabled=\u00a0\u00bb0&Prime;][\/et_pb_image][\/et_pb_column][et_pb_column _builder_version=\u00a0\u00bb4.27.5&Prime; _module_preset=\u00a0\u00bbdefault\u00a0\u00bb type=\u00a0\u00bb1_4&Prime;][et_pb_image src=\u00a0\u00bbhttps:\/\/provenceoccitanieavecsylvia.com\/wp-content\/uploads\/ProvenceOccitanieAvecSylvia-visite2.jpeg\u00a0\u00bb title_text=\u00a0\u00bbProvenceOccitanieAvecSylvia-visite2&Prime; _builder_version=\u00a0\u00bb4.27.5&Prime; _module_preset=\u00a0\u00bbdefault\u00a0\u00bb hover_enabled=\u00a0\u00bb0&Prime; global_colors_info=\u00a0\u00bb{}\u00a0\u00bb sticky_enabled=\u00a0\u00bb0&Prime;][\/et_pb_image][et_pb_image src=\u00a0\u00bbhttps:\/\/provenceoccitanieavecsylvia.com\/wp-content\/uploads\/ProvenceOccitanieAvecSylvia-Visite3.jpeg\u00a0\u00bb title_text=\u00a0\u00bbProvenceOccitanieAvecSylvia-Visite3&Prime; _builder_version=\u00a0\u00bb4.27.5&Prime; _module_preset=\u00a0\u00bbdefault\u00a0\u00bb hover_enabled=\u00a0\u00bb0&Prime; global_colors_info=\u00a0\u00bb{}\u00a0\u00bb sticky_enabled=\u00a0\u00bb0&Prime;][\/et_pb_image][\/et_pb_column][et_pb_column type=\u00a0\u00bb1_4&Prime; _builder_version=\u00a0\u00bb4.22.1&Prime; _module_preset=\u00a0\u00bbdefault\u00a0\u00bb global_colors_info=\u00a0\u00bb{}\u00a0\u00bb][et_pb_text _builder_version=\u00a0\u00bb4.27.5&Prime; _module_preset=\u00a0\u00bbdefault\u00a0\u00bb hover_enabled=\u00a0\u00bb0&Prime; sticky_enabled=\u00a0\u00bb0&Prime; custom_margin=\u00a0\u00bb30px||0px||false|false\u00a0\u00bb]<\/p>\n<h4 style=\"text-align: center;\">Retour en images sur les journ\u00e9es du Matrimoine \u00e0 Montpellier.<\/h4>\n<h4 style=\"text-align: center;\">Encore une tr\u00e8s belle participation malgr\u00e9 les intemp\u00e9ries !<\/h4>\n<h4 style=\"text-align: center;\"><em>A look back in images at the Matrimoine Days in Montpellier.<\/em><\/h4>\n<h4 style=\"text-align: center;\"><em>Once again, a great tumout despite the bad weather !<\/em><\/h4>\n<p>[\/et_pb_text][\/et_pb_column][\/et_pb_row][et_pb_row _builder_version=\u00a0\u00bb4.27.5&Prime; _module_preset=\u00a0\u00bbdefault\u00a0\u00bb width=\u00a0\u00bb100%\u00a0\u00bb max_width=\u00a0\u00bb2526px\u00a0\u00bb module_alignment=\u00a0\u00bbcenter\u00a0\u00bb hover_enabled=\u00a0\u00bb0&Prime; global_colors_info=\u00a0\u00bb{}\u00a0\u00bb sticky_enabled=\u00a0\u00bb0&Prime; use_custom_gutter=\u00a0\u00bbon\u00a0\u00bb make_equal=\u00a0\u00bbon\u00a0\u00bb custom_margin=\u00a0\u00bb|||20px|false|false\u00a0\u00bb][et_pb_column type=\u00a0\u00bb4_4&Prime; _builder_version=\u00a0\u00bb4.27.4&Prime; _module_preset=\u00a0\u00bbdefault\u00a0\u00bb global_colors_info=\u00a0\u00bb{}\u00a0\u00bb][et_pb_heading title=\u00a0\u00bbMA SAISON D&rsquo;HIVER EN LAPONIE &#8230;\u00a0\u00bb _builder_version=\u00a0\u00bb4.27.5&Prime; _module_preset=\u00a0\u00bbdefault\u00a0\u00bb hover_enabled=\u00a0\u00bb0&Prime; sticky_enabled=\u00a0\u00bb0&Prime; custom_margin=\u00a0\u00bb|||20px|false|false\u00a0\u00bb title_text_align=\u00a0\u00bbcenter\u00a0\u00bb][\/et_pb_heading][\/et_pb_column][\/et_pb_row][\/et_pb_section][et_pb_section fb_built=\u00a0\u00bb1&Prime; _builder_version=\u00a0\u00bb4.27.5&Prime; _module_preset=\u00a0\u00bbdefault\u00a0\u00bb min_height=\u00a0\u00bb800.7px\u00a0\u00bb custom_margin=\u00a0\u00bb100px||100px||false|false\u00a0\u00bb custom_padding=\u00a0\u00bb||46px|||\u00a0\u00bb hover_enabled=\u00a0\u00bb0&Prime; global_colors_info=\u00a0\u00bb{}\u00a0\u00bb sticky_enabled=\u00a0\u00bb0&Prime;][et_pb_row column_structure=\u00a0\u00bb1_3,1_3,1_3&Prime; _builder_version=\u00a0\u00bb4.27.5&Prime; _module_preset=\u00a0\u00bbdefault\u00a0\u00bb custom_margin=\u00a0\u00bb|auto|0px|auto|false|false\u00a0\u00bb custom_padding=\u00a0\u00bb||0px|||\u00a0\u00bb hover_enabled=\u00a0\u00bb0&Prime; global_colors_info=\u00a0\u00bb{}\u00a0\u00bb sticky_enabled=\u00a0\u00bb0&Prime;][et_pb_column type=\u00a0\u00bb1_3&Prime; _builder_version=\u00a0\u00bb4.22.1&Prime; _module_preset=\u00a0\u00bbdefault\u00a0\u00bb global_colors_info=\u00a0\u00bb{}\u00a0\u00bb][et_pb_image src=\u00a0\u00bbhttps:\/\/provenceoccitanieavecsylvia.com\/wp-content\/uploads\/LaponieJanvier2026AuroreBoreale-scaled.jpg\u00a0\u00bb title_text=\u00a0\u00bbLaponieJanvier2026AuroreBoreale\u00a0\u00bb _builder_version=\u00a0\u00bb4.27.5&Prime; _module_preset=\u00a0\u00bbdefault\u00a0\u00bb hover_enabled=\u00a0\u00bb0&Prime; global_colors_info=\u00a0\u00bb{}\u00a0\u00bb sticky_enabled=\u00a0\u00bb0&Prime;][\/et_pb_image][\/et_pb_column][et_pb_column _builder_version=\u00a0\u00bb4.27.5&Prime; _module_preset=\u00a0\u00bbdefault\u00a0\u00bb type=\u00a0\u00bb1_3&Prime;][et_pb_image src=\u00a0\u00bbhttps:\/\/provenceoccitanieavecsylvia.com\/wp-content\/uploads\/LaponieJanvier2026Conference.jpeg\u00a0\u00bb title_text=\u00a0\u00bbLaponieJanvier2026Conference\u00a0\u00bb _builder_version=\u00a0\u00bb4.27.5&Prime; _module_preset=\u00a0\u00bbdefault\u00a0\u00bb hover_enabled=\u00a0\u00bb0&Prime; global_colors_info=\u00a0\u00bb{}\u00a0\u00bb sticky_enabled=\u00a0\u00bb0&Prime;][\/et_pb_image][\/et_pb_column][et_pb_column type=\u00a0\u00bb1_3&Prime; _builder_version=\u00a0\u00bb4.22.1&Prime; _module_preset=\u00a0\u00bbdefault\u00a0\u00bb global_colors_info=\u00a0\u00bb{}\u00a0\u00bb][et_pb_image src=\u00a0\u00bbhttps:\/\/provenceoccitanieavecsylvia.com\/wp-content\/uploads\/LaponieJanvier2026Sylvia-scaled.jpg\u00a0\u00bb title_text=\u00a0\u00bbLaponieJanvier2026Sylvia\u00a0\u00bb _builder_version=\u00a0\u00bb4.27.5&Prime; _module_preset=\u00a0\u00bbdefault\u00a0\u00bb hover_enabled=\u00a0\u00bb0&Prime; global_colors_info=\u00a0\u00bb{}\u00a0\u00bb sticky_enabled=\u00a0\u00bb0&Prime;][\/et_pb_image][\/et_pb_column][\/et_pb_row][et_pb_row _builder_version=\u00a0\u00bb4.27.4&Prime; _module_preset=\u00a0\u00bbdefault\u00a0\u00bb width=\u00a0\u00bb100%\u00a0\u00bb max_width=\u00a0\u00bb2560px\u00a0\u00bb module_alignment=\u00a0\u00bbcenter\u00a0\u00bb hover_enabled=\u00a0\u00bb0&Prime; global_colors_info=\u00a0\u00bb{}\u00a0\u00bb sticky_enabled=\u00a0\u00bb0&Prime;][et_pb_column type=\u00a0\u00bb4_4&Prime; _builder_version=\u00a0\u00bb4.27.4&Prime; _module_preset=\u00a0\u00bbdefault\u00a0\u00bb global_colors_info=\u00a0\u00bb{}\u00a0\u00bb][et_pb_text _builder_version=\u00a0\u00bb4.27.5&Prime; _module_preset=\u00a0\u00bbdefault\u00a0\u00bb hover_enabled=\u00a0\u00bb0&Prime; sticky_enabled=\u00a0\u00bb0&Prime; custom_margin=\u00a0\u00bb30px||0px||false|false\u00a0\u00bb custom_padding=\u00a0\u00bb|50px||50px|false|false\u00a0\u00bb]<\/p>\n<h4 style=\"text-align: justify;\">Le mois de janvier s&rsquo;ach\u00e8ve et marque le coeur de la saison hivernale en Laponie finlandaise,\u00a0o\u00f9 je poursuis actuellement mes activit\u00e9s de guide au plus pr\u00e8s d&rsquo;une nature spectulaire et pr\u00e9serv\u00e9e.<\/h4>\n<h4><\/h4>\n<h4 style=\"text-align: justify;\">Cette saison est rythm\u00e9e par des rencontres enrichissantes, des explorations authentiques et des paysages nordiques d&rsquo;une rare intensit\u00e9,\u00a0sublim\u00e9s par le retour progressif de la lumi\u00e8re.<\/h4>\n<p>&nbsp;<\/p>\n<h4>\u00a0Je serai de retour dans le Sud de la France \u00e0 partir du mois de mars pour la saison estivale et me rejouis de vous accompagner prochainement dans de nouvelles aventures.<\/h4>\n<p>&nbsp;<\/p>\n<h4><em>January is coming to an end, marking the heart of the winter season in Finnish Lapland,\u00a0<\/em><em>where I am currently continuing my work as a guide, immersed in a spectacular and unspoiled natural environment.<\/em><\/h4>\n<p><em><\/em><\/p>\n<h4><\/h4>\n<h4 style=\"text-align: justify;\"><em>This season is shaped by enriching encounters, authentic explorations, and Nordic landscapes of rare intensity, enhanced by the gradual return of the light.<\/em><\/h4>\n<p><em><\/em><\/p>\n<p><em><\/em><\/p>\n<h4 style=\"text-align: justify;\"><em>I will be back in the South of France from March for the summer season and look forward to guiding you on new adventures very soon.<\/em><\/h4>\n<p>[\/et_pb_text][\/et_pb_column][\/et_pb_row][\/et_pb_section]<\/p>\n","protected":false},"excerpt":{"rendered":"<p>Retour en images sur les journ\u00e9es du Matrimoine \u00e0 Montpellier. Encore une tr\u00e8s belle participation malgr\u00e9 les intemp\u00e9ries ! A look back in images at the Matrimoine Days in Montpellier. Once again, a great tumout despite the bad weather !Le mois de janvier s&rsquo;ach\u00e8ve et marque le coeur de la saison hivernale en Laponie finlandaise,\u00a0o\u00f9 [&hellip;]<\/p>\n","protected":false},"author":1,"featured_media":0,"parent":0,"menu_order":0,"comment_status":"closed","ping_status":"closed","template":"","meta":{"_et_pb_use_builder":"on","_et_pb_old_content":"<!-- wp:divi\/placeholder \/-->","_et_gb_content_width":"","footnotes":""},"class_list":["post-404","page","type-page","status-publish","hentry"],"_links":{"self":[{"href":"https:\/\/provenceoccitanieavecsylvia.com\/index.php\/wp-json\/wp\/v2\/pages\/404","targetHints":{"allow":["GET"]}}],"collection":[{"href":"https:\/\/provenceoccitanieavecsylvia.com\/index.php\/wp-json\/wp\/v2\/pages"}],"about":[{"href":"https:\/\/provenceoccitanieavecsylvia.com\/index.php\/wp-json\/wp\/v2\/types\/page"}],"author":[{"embeddable":true,"href":"https:\/\/provenceoccitanieavecsylvia.com\/index.php\/wp-json\/wp\/v2\/users\/1"}],"replies":[{"embeddable":true,"href":"https:\/\/provenceoccitanieavecsylvia.com\/index.php\/wp-json\/wp\/v2\/comments?post=404"}],"version-history":[{"count":57,"href":"https:\/\/provenceoccitanieavecsylvia.com\/index.php\/wp-json\/wp\/v2\/pages\/404\/revisions"}],"predecessor-version":[{"id":770,"href":"https:\/\/provenceoccitanieavecsylvia.com\/index.php\/wp-json\/wp\/v2\/pages\/404\/revisions\/770"}],"wp:attachment":[{"href":"https:\/\/provenceoccitanieavecsylvia.com\/index.php\/wp-json\/wp\/v2\/media?parent=404"}],"curies":[{"name":"wp","href":"https:\/\/api.w.org\/{rel}","templated":true}]}}