{"id":408,"date":"2023-09-01T15:22:23","date_gmt":"2023-09-01T13:22:23","guid":{"rendered":"https:\/\/provenceoccitanieavecsylvia.com\/?page_id=408"},"modified":"2026-01-29T18:26:24","modified_gmt":"2026-01-29T17:26:24","slug":"tarifs-contacts","status":"publish","type":"page","link":"https:\/\/provenceoccitanieavecsylvia.com\/index.php\/tarifs-contacts\/","title":{"rendered":"Tarifs &#8211; R\u00e9servations &#8211; Contacts"},"content":{"rendered":"\n<p><strong>Comment sont \u00e9tablis mes tarifs ?<\/strong><\/p>\n\n\n\n<p>Je suis une guide ind\u00e9pendante, ce qui signifie que je ne suis pas soumise \u00e0 la TVA.<\/p>\n\n\n\n<p><em>Je propose deux modes de facturations diff\u00e9rents :<\/em><\/p>\n\n\n\n<p><strong>1\/ Les visites guid\u00e9es publiques partag\u00e9es :<\/strong><\/p>\n\n\n\n<p>Elles sont propos\u00e9es selon un calendrier fix\u00e9 \u00e0 l&rsquo;avance et sont ponctuelles. Je les organise dans les villes qui me tiennent \u00e0 coeur entre Montpellier, Avignon et Arles.<\/p>\n\n\n\n<p>D&rsquo;une dur\u00e9e de 1h30, ces visites sont r\u00e9alisables \u00e0 partir de 5 participants et sont g\u00e9n\u00e9ralement propos\u00e9es \u00e0 partir de <strong>15\u20ac\/pers<\/strong>.<\/p>\n\n\n\n<p>Lorsqu&rsquo;il s&rsquo;agit de visites guid\u00e9es comprenant des d\u00e9gustations, j&rsquo;adapte, \u00e9videmment, ce tarif.<\/p>\n\n\n\n<p>Ces dates seront communiqu\u00e9es sur mes diff\u00e9rents r\u00e9seaux lorsque je les organiserai.<\/p>\n\n\n\n<p><strong>2\/ Les visites et excursions priv\u00e9es<\/strong><\/p>\n\n\n\n<p>Ces visites s&rsquo;adaptent \u00e0 vos envies et vos besoins. Elles d\u00e9pendent de tr\u00e8s nombreux param\u00e8tres :<\/p>\n\n\n\n<ul class=\"wp-block-list\">\n<li>Le temps de recherche<\/li>\n\n\n\n<li>Les frais de d\u00e9placement<\/li>\n\n\n\n<li>La dur\u00e9e<\/li>\n\n\n\n<li>L&rsquo;acc\u00e8s aux monuments<\/li>\n\n\n\n<li>La langue parl\u00e9e<\/li>\n\n\n\n<li>(&#8230;)<\/li>\n<\/ul>\n\n\n\n<p>Les tarifs sont donc tr\u00e8s variables. A titre d&rsquo;exemple, <\/p>\n\n\n\n<ul class=\"wp-block-list\">\n<li>&#8211; &#8211; &#8211; &#8211; &#8211; &#8211; &#8211; &#8211; &#8211; &#8211; &#8211; &#8211; &#8211; &#8211; &#8211; &#8211; &#8211; &#8211; &#8211; &#8211; &#8211; &#8211;<\/li>\n\n\n\n<li>A partir de <strong>90 euros pour 2H<\/strong> de visite guid\u00e9e pour des Tours panoramiques<\/li>\n\n\n\n<li>A partir de <strong>230 \u20ac<\/strong> <strong>un forfait de 4H<\/strong><\/li>\n\n\n\n<li>A partir de <strong>420 euros pour un forfait \u00e0 la journ\u00e9e<\/strong><\/li>\n\n\n\n<li>&#8211; &#8211; &#8211; &#8211; &#8211; &#8211; &#8211; &#8211; &#8211; &#8211; &#8211; &#8211; &#8211; &#8211; &#8211; &#8211; &#8211; &#8211; &#8211; &#8211; &#8211; &#8211; <\/li>\n<\/ul>\n\n\n\n<p>Ainsi, si vous souhaitez en savoir plus et me demander un devis selon vos souhaits, contactez-moi \u00e0 l&rsquo;adresse suivante : <\/p>\n\n\n\n<p><strong>provence.occitanie.sylvia@gmail.com<\/strong><\/p>\n","protected":false},"excerpt":{"rendered":"<p>Comment sont \u00e9tablis mes tarifs ? Je suis une guide ind\u00e9pendante, ce qui signifie que je ne suis pas soumise \u00e0 la TVA. Je propose deux modes de facturations diff\u00e9rents : 1\/ Les visites guid\u00e9es publiques partag\u00e9es : Elles sont propos\u00e9es selon un calendrier fix\u00e9 \u00e0 l&rsquo;avance et sont ponctuelles. Je les organise dans les [&hellip;]<\/p>\n","protected":false},"author":1,"featured_media":0,"parent":0,"menu_order":0,"comment_status":"closed","ping_status":"closed","template":"","meta":{"_et_pb_use_builder":"off","_et_pb_old_content":"","_et_gb_content_width":"","footnotes":""},"class_list":["post-408","page","type-page","status-publish","hentry"],"_links":{"self":[{"href":"https:\/\/provenceoccitanieavecsylvia.com\/index.php\/wp-json\/wp\/v2\/pages\/408","targetHints":{"allow":["GET"]}}],"collection":[{"href":"https:\/\/provenceoccitanieavecsylvia.com\/index.php\/wp-json\/wp\/v2\/pages"}],"about":[{"href":"https:\/\/provenceoccitanieavecsylvia.com\/index.php\/wp-json\/wp\/v2\/types\/page"}],"author":[{"embeddable":true,"href":"https:\/\/provenceoccitanieavecsylvia.com\/index.php\/wp-json\/wp\/v2\/users\/1"}],"replies":[{"embeddable":true,"href":"https:\/\/provenceoccitanieavecsylvia.com\/index.php\/wp-json\/wp\/v2\/comments?post=408"}],"version-history":[{"count":9,"href":"https:\/\/provenceoccitanieavecsylvia.com\/index.php\/wp-json\/wp\/v2\/pages\/408\/revisions"}],"predecessor-version":[{"id":773,"href":"https:\/\/provenceoccitanieavecsylvia.com\/index.php\/wp-json\/wp\/v2\/pages\/408\/revisions\/773"}],"wp:attachment":[{"href":"https:\/\/provenceoccitanieavecsylvia.com\/index.php\/wp-json\/wp\/v2\/media?parent=408"}],"curies":[{"name":"wp","href":"https:\/\/api.w.org\/{rel}","templated":true}]}}