{"id":52,"date":"2023-08-31T11:38:28","date_gmt":"2023-08-31T09:38:28","guid":{"rendered":"https:\/\/provenceoccitanieavecsylvia.com\/?page_id=52"},"modified":"2023-09-05T15:20:33","modified_gmt":"2023-09-05T13:20:33","slug":"les-10-sites-que-sylvia-aime-faire-visiter","status":"publish","type":"page","link":"https:\/\/provenceoccitanieavecsylvia.com\/index.php\/les-10-sites-que-sylvia-aime-faire-visiter\/","title":{"rendered":"Les 10 sites que Sylvia aime faire visiter"},"content":{"rendered":"\n<p><strong>Les ruelles m\u00e9di\u00e9vales de Montpellier<\/strong><br>Cette ville est comme un livre ouvert. Chaque rue porte sur ses murs le t\u00e9moin d&rsquo;un pass\u00e9 riche et surprenant : une ancienne porte, la silhouette d&rsquo;une fen\u00eatre, un nom de rue grav\u00e9 dans la pierre, une fresque ou bien une boutique qui ne demande qu&rsquo;\u00e0 \u00eatre d\u00e9couverte. Deux heures ne suffisent pas \u00e0 conter l&rsquo;histoire, l&rsquo;Histoire de cette ville lumineuse&#8230;<\/p>\n\n\n\n<p><strong>S\u00e8te<\/strong><br>La presqu&rsquo;\u00eele regorge de surprises. Elle a su conserver une authenticit\u00e9 qui lui est propre. Sa gastronomie et sa culture refl\u00e8tent la m\u00e9diterran\u00e9e. Depuis quelques ann\u00e9es, les street artists ont investi ses rues et la rendent encore plus vivante. Il y a un peu de \u00ab\u00a0chez moi\u00a0\u00bb \u00e0 S\u00e8te, et vous saurez y trouver un peu de \u00ab\u00a0chez vous\u00a0\u00bb aussi !<\/p>\n\n\n\n<p><strong>Saint-Guilhem-Le-D\u00e9sert<\/strong><br>Vous entamez un voyage \u00e9poustouflant en parcourant les routes qui vous m\u00e8nent \u00e0 Saint-Guilhem. Nich\u00e9e dans cet \u00e9crin verdoyant, le village poss\u00e8de quelque chose de mystique. A ne pas manquer&#8230;<\/p>\n\n\n\n<p><strong>N\u00eemes<\/strong><br>Explorer la ville de N\u00eemes c&rsquo;est plonger dans un pass\u00e9 toujours vivace. Les monuments romains incontournables ponctuent un centre urbain riche. Il faut lui consacrer une journ\u00e9e enti\u00e8re pour saisir toute la beaut\u00e9 de celle qu&rsquo;on appelait Nemausus.<\/p>\n\n\n\n<p><strong>Les Saintes-Maries-de-La-Mer<\/strong><br>Cet immense Parc naturel r\u00e9gional est un plaisir pour les yeux. Il faut bien choisir la p\u00e9riode de l&rsquo;ann\u00e9e pour profiter pleinement de cet incroyable spectacle qu&rsquo;offre cette nature sauvage et pr\u00e9serv\u00e9e. Son coeur culturel est incontestablement la ville des Saintes-Maries-de-la-Mer. Milles histoires sont \u00e0 transmettre dans ce joyau situ\u00e9 au bord de la m\u00e9diterran\u00e9e.<\/p>\n\n\n\n<p><strong>Arles<\/strong><br>Ancienne capitale du Monde romain, elle n&rsquo;a rien perdu de sa splendeur. Ici aussi, c&rsquo;est un v\u00e9ritable voyage \u00e0 travers les si\u00e8cles que nous vivons ! Elle est rest\u00e9e un foyer culturel, architectural et artistique dynamique que vous ne pouvez pas manquer.<\/p>\n\n\n\n<p><strong>Marseille<\/strong><br>La deuxi\u00e8me ville de France, la ville aux 111 villages. C&rsquo;est avec une guide passionn\u00e9e que vous devez l&rsquo;explorer ! <br>Elle est vivante, bruyante et surtout, attachante ! C&rsquo;est une porte ouverte sur la M\u00e9diterran\u00e9e et prot\u00e9g\u00e9e par un \u00e9crin de collines. Visiter Marseille, c&rsquo;est explorer notre histoire multiculturelle. Si vous savez o\u00f9 aller, vous ne pourrez que tomber amoureux.se.<\/p>\n\n\n\n<p><strong>Aix-en-Provence<\/strong><\/p>\n\n\n\n<p>Aix-en-Provence, souvent appel\u00e9e simplement \u00ab\u00a0Aix\u00a0\u00bb, est une des villes les plus charmantes de Provence. Ponctu\u00e9e de places color\u00e9es et de fontaines \u00e9tonnantes, elle est connue pour sa riche histoire, sa culture dynamique et son architecture \u00e0 couper le souffle.<\/p>\n\n\n\n<p><strong>Le Lub\u00e9ron<\/strong> <strong>et son Parc National<\/strong><\/p>\n\n\n\n<p>Nich\u00e9 au coeur de la Provence, le Parc National du Lub\u00e9ron est un joyau naturel qui offre un m\u00e9lange captivant de paysages magnifiques, d&rsquo;une riche biodiversit\u00e9 et d&rsquo;un patrimoine intemporel.<\/p>\n\n\n\n<p>Le Lub\u00e9ron est r\u00e9put\u00e9 pour ses charmants villages perch\u00e9s, chacun avec son caract\u00e8re unique. Explorez des villages comme Gordes, Roussilon et Bonnieux, connus pour leurs rues pav\u00e9es, leurs fa\u00e7ades color\u00e9es et leurs vues \u00e0 couper le souffle sur la campagne environnante.<\/p>\n\n\n\n<p>Selon la saison de votre visite, vous aurez peut-\u00eatre la chance d&rsquo;assister aux \u00ab\u00a0explosions florales\u00a0\u00bb des champs de lavande.<\/p>\n\n\n\n<p><strong>Les Alpilles<\/strong><\/p>\n\n\n\n<p>En explorant cette r\u00e9gion pittoresque, vous d\u00e9couvrirez un paysage riche en histoire, en culture et en panoramas \u00e0 couper le souffle. Les Alpilles, qui se traduit par les \u00ab\u00a0petites Alpes\u00a0\u00bb, est une chaine de petites montagnes et collines calcaires, caract\u00e9ris\u00e9es par des affleurements rocheux, des vall\u00e9es luxuriantes et des for\u00eats de pins odorantes. La r\u00e9gion est connue  pour ses vignobles et certaines de ses meilleures huiles d&rsquo;olive de France. Les Alpilles sont parsem\u00e9es de villages pittoresques, dont Saint-R\u00e9my-de-Provence, Maussane-les-Alpilles et Eygali\u00e8res. Ces villages sont r\u00e9put\u00e9s pour leur architecture bien pr\u00e9serv\u00e9e, leurs march\u00e9s anim\u00e9s et leurs boutiques artisanales.<\/p>\n","protected":false},"excerpt":{"rendered":"<p>Les ruelles m\u00e9di\u00e9vales de MontpellierCette ville est comme un livre ouvert. Chaque rue porte sur ses murs le t\u00e9moin d&rsquo;un pass\u00e9 riche et surprenant : une ancienne porte, la silhouette d&rsquo;une fen\u00eatre, un nom de rue grav\u00e9 dans la pierre, une fresque ou bien une boutique qui ne demande qu&rsquo;\u00e0 \u00eatre d\u00e9couverte. Deux heures ne [&hellip;]<\/p>\n","protected":false},"author":1,"featured_media":0,"parent":0,"menu_order":0,"comment_status":"closed","ping_status":"closed","template":"","meta":{"_et_pb_use_builder":"off","_et_pb_old_content":"<!-- wp:paragraph -->\n<p><strong>Les ruelles m\u00e9di\u00e9vales de Montpellier<\/strong><br>Cette ville est comme un livre ouvert. Chaque rue porte sur ses murs le t\u00e9moin d'un pass\u00e9 riche et surprenant : une ancienne porte, la silhouette d'une fen\u00eatre, un nom de rue grav\u00e9 dans la pierre, une fresque ou bien une boutique qui ne demande qu'\u00e0 \u00eatre d\u00e9couverte. Deux heures ne suffisent pas \u00e0 conter l'histoire, l'Histoire de cette ville lumineuse...<\/p>\n<!-- \/wp:paragraph -->\n\n<!-- wp:paragraph -->\n<p><strong>S\u00e8te<\/strong><br>La presqu'\u00eele regorge de surprises. Elle a su conserver une authenticit\u00e9 qui lui est propre. Sa gastronomie et sa culture refl\u00e8tent la m\u00e9diterran\u00e9e. Depuis quelques ann\u00e9es, les street artists ont investi ses rues et la rendent encore plus vivante. Il y a un peu de \"chez moi\" \u00e0 S\u00e8te, et vous saurez y trouver un peu de \"chez vous\" aussi !<\/p>\n<!-- \/wp:paragraph -->\n\n<!-- wp:paragraph -->\n<p><strong>Saint-Guilhem-Le-D\u00e9sert<\/strong><br>Vous entamez un voyage \u00e9poustouflant en parcourant les routes qui vous m\u00e8nent \u00e0 Saint-Guilhem. Nich\u00e9e dans cet \u00e9crin verdoyant, le village poss\u00e8de quelque chose de mystique. A ne pas manquer...<\/p>\n<!-- \/wp:paragraph -->\n\n<!-- wp:paragraph -->\n<p><strong>N\u00eemes<\/strong><br>Explorer la ville de N\u00eemes c'est plonger dans un pass\u00e9 toujours vivace. Les monuments romains incontournables ponctuent un centre urbain riche. Il faut lui consacrer une journ\u00e9e enti\u00e8re pour saisir toute la beaut\u00e9 de celle qu'on appelait Nemausus.<\/p>\n<!-- \/wp:paragraph -->\n\n<!-- wp:paragraph -->\n<p><strong>Les Saintes-Maries-de-La-Mer<\/strong><br>Cet immense Parc naturel r\u00e9gional est un plaisir pour les yeux. Il faut bien choisir la p\u00e9riode de l'ann\u00e9e pour profiter pleinement de cet incroyable spectacle qu'offre cette nature sauvage et pr\u00e9serv\u00e9e. Son coeur culturel est incontestablement la ville des Saintes-Maries-de-la-Mer. Milles histoires sont \u00e0 transmettre dans ce joyau situ\u00e9 au bord de la m\u00e9diterran\u00e9e.<\/p>\n<!-- \/wp:paragraph -->\n\n<!-- wp:paragraph -->\n<p><strong>Arles<\/strong><br>Ancienne capitale du Monde romain, elle n'a rien perdu de sa splendeur. Ici aussi, c'est un v\u00e9ritable voyage \u00e0 travers les si\u00e8cles que nous vivons ! Elle est rest\u00e9e un foyer culturel, architectural et artistique dynamique que vous ne pouvez pas manquer.<\/p>\n<!-- \/wp:paragraph -->\n\n<!-- wp:paragraph -->\n<p><strong>Marseille<\/strong><br>La deuxi\u00e8me ville de France, la ville aux 111 villages. C'est avec une guide passionn\u00e9e que vous devez l'explorer ! <br>Elle est vivante, bruyante et surtout, attachante ! C'est une porte ouverte sur la M\u00e9diterran\u00e9e et prot\u00e9g\u00e9e par un \u00e9crin de collines. Visiter Marseille, c'est explorer notre histoire multiculturelle. Si vous savez o\u00f9 aller, vous ne pourrez que tomber amoureux.se.<\/p>\n<!-- \/wp:paragraph -->\n\n<!-- wp:paragraph -->\n<p><strong>Aix-en-Provence<\/strong><\/p>\n<!-- \/wp:paragraph -->\n\n<!-- wp:paragraph -->\n<p><strong>Le Lub\u00e9ron<\/strong><\/p>\n<!-- \/wp:paragraph -->\n\n<!-- wp:paragraph -->\n<p><strong>Les Alpilles<\/strong><\/p>\n<!-- \/wp:paragraph -->","_et_gb_content_width":"","footnotes":""},"class_list":["post-52","page","type-page","status-publish","hentry"],"_links":{"self":[{"href":"https:\/\/provenceoccitanieavecsylvia.com\/index.php\/wp-json\/wp\/v2\/pages\/52","targetHints":{"allow":["GET"]}}],"collection":[{"href":"https:\/\/provenceoccitanieavecsylvia.com\/index.php\/wp-json\/wp\/v2\/pages"}],"about":[{"href":"https:\/\/provenceoccitanieavecsylvia.com\/index.php\/wp-json\/wp\/v2\/types\/page"}],"author":[{"embeddable":true,"href":"https:\/\/provenceoccitanieavecsylvia.com\/index.php\/wp-json\/wp\/v2\/users\/1"}],"replies":[{"embeddable":true,"href":"https:\/\/provenceoccitanieavecsylvia.com\/index.php\/wp-json\/wp\/v2\/comments?post=52"}],"version-history":[{"count":6,"href":"https:\/\/provenceoccitanieavecsylvia.com\/index.php\/wp-json\/wp\/v2\/pages\/52\/revisions"}],"predecessor-version":[{"id":485,"href":"https:\/\/provenceoccitanieavecsylvia.com\/index.php\/wp-json\/wp\/v2\/pages\/52\/revisions\/485"}],"wp:attachment":[{"href":"https:\/\/provenceoccitanieavecsylvia.com\/index.php\/wp-json\/wp\/v2\/media?parent=52"}],"curies":[{"name":"wp","href":"https:\/\/api.w.org\/{rel}","templated":true}]}}