{"id":67,"date":"2023-08-31T11:39:37","date_gmt":"2023-08-31T09:39:37","guid":{"rendered":"https:\/\/provenceoccitanieavecsylvia.com\/?page_id=67"},"modified":"2023-09-03T15:37:00","modified_gmt":"2023-09-03T13:37:00","slug":"les-visites-pedestres","status":"publish","type":"page","link":"https:\/\/provenceoccitanieavecsylvia.com\/index.php\/les-visites-pedestres\/","title":{"rendered":"Les visites p\u00e9destres en Avignon"},"content":{"rendered":"\n<p><strong><em>Avignon, Les Incontournables<\/em><\/strong> <strong>(chaque jeudi \u00e0 10h00)<\/strong><br><strong>Dur\u00e9e : 2h30 Prix : \u00e0 partir de 90 \u20ac par personne. Tarif de groupe \u00e0 partir de 10 personnes.<\/strong><br>Une d\u00e9ambulation au plus pr\u00e8s des sites les plus incontournables de la ville.<br>Inclus le Palais des Papes. (entr\u00e9e Pont d&rsquo;Avignon possible)<br>* Pourquoi dit-on \u00ab\u00a0En Avignon\u00a0\u00bb ?<br>* Pourquoi le Pont d&rsquo;Avignon reste t&rsquo;il incomplet ?<br>* Combien de Papes ont v\u00e9cu dans cette cit\u00e9 ?<br>* Quels sont les secrets du chantier du Palais des Papes ?<br>* Comment d\u00e9finir l&rsquo;identit\u00e9 proven\u00e7ale ?<br>Vous saurez tout durant cette visite, en embo\u00eetant les pas d&rsquo;une guide passionn\u00e9e.<\/p>\n\n\n\n<p><\/p>\n\n\n\n<p><strong><em>Avignon, \u00e0 travers le regard des femmes<\/em><\/strong> <strong>(jour \u00e0 d\u00e9finir au mois de septembre)<\/strong><br><strong>dur\u00e9e : 2h30 Prix : \u00e0 partir de 90 \u20ac par personne. Tarif de groupe \u00e0 partir de 10 personnes.<\/strong><br>Cette visite vous permettra d&rsquo;aller \u00e0 la rencontre des grandes femmes qui ont fait l&rsquo;histoire de la cit\u00e9 papale depuis l&rsquo;Antiquit\u00e9. Rendue possible avec le soutien de l&rsquo;association \u00ab\u00a0Osez le f\u00e9minisme 84\u00a0\u00bb, elle fait \u00e9cho au succ\u00e8s des visites organis\u00e9es sur la m\u00eame ligne directrice \u00e0 Montpellier \u00e0 l&rsquo;occasion des journ\u00e9es du Matrimoine.<br>Afin qu&rsquo;elles ne soient jamais oubli\u00e9es, et que leur Histoire reste vivante.<\/p>\n\n\n\n<p><\/p>\n\n\n\n<p><strong><em>Avignon Historique et Gourmande<\/em><\/strong> <strong>(sur rendez-vous)<\/strong><br><strong>Dur\u00e9e : 4h Prix : \u00e0 partir de 300 \u20ac en fonction du menu convenu avec le Chef qui nous accueillera. Tarif de groupe \u00e0 partir de 10 personnes.<\/strong><br>D\u00e9couvrir la ville par son histoire et par sa gastronomie. Propos\u00e9e les jeudis, vendredis et samedis.<br>Visite guid\u00e9e de la ville proposant une \u00e9tape par le march\u00e9 proven\u00e7al et par le march\u00e9 couvert. S\u00e9lection de produits de saison pour remplir un panier afin de participer \u00e0 une \u00ab\u00a0Cooking Class\u00a0\u00bb dans un lieu s\u00e9lectionn\u00e9 par nos choix.<\/p>\n\n\n\n<p><\/p>\n\n\n\n<p><strong><em>Un Vin, Un Monument \u00e0 Avignon<\/em><\/strong> <strong>(Jour \u00e0 d\u00e9finir au mois de septembre)<\/strong><br><strong>Dur\u00e9e : 4 h. Visite \u00e0 partir de 5 participants. Prix : \u00e0 partir de 65 \u20ac par personne, (\u00e0 \u00e9tablir en fonction des vins attendus). Tarif de groupe \u00e0 partir de 10 personnes.<\/strong><br>D\u00e9couvrir Avignon de nuit, c&rsquo;est entrer au coeur de son histoire m\u00e9di\u00e9vale. Votre guide vous racontera les petites histoires de la ville que la grande Histoire de la Cit\u00e9 ne saurait cacher.<br>Vous comprendrez le lien ind\u00e9fectible que la capitale du Comtat Venaissin a \u00e9tabli avec les vignes qui font son territoire.<br>Afin de rendre cette histoire vivante, vous d\u00e9gusterez une s\u00e9lection de vins de notre pr\u00e9cieux terroir dans un lieu choisi avec soin.<\/p>\n\n\n\n<p><\/p>\n\n\n\n<p><strong>Votre guide vous propose aussi des visites* des villes de :<\/strong><\/p>\n\n\n\n<p>&#8211;<strong><em>Montpellier<br>-S\u00e8te<br>-N\u00eemes<br>-Arles<br>-Les-Saintes-Maries-de-La-Mer<br>-Marseille<br>-Aix-En-Provence<\/em><\/strong><\/p>\n\n\n\n<p><br>*<strong>\u00e0 partir de 5 personnes ou en circuit priv\u00e9. Frais kilom\u00e9triques inclus dans le prix de la prestation. Sur rendez-vous uniquement.<br>Plus de renseignement par t\u00e9l\u00e9phone.<\/strong><\/p>\n\n\n\n<p><\/p>\n\n\n\n<p><\/p>\n","protected":false},"excerpt":{"rendered":"<p>Avignon, Les Incontournables (chaque jeudi \u00e0 10h00)Dur\u00e9e : 2h30 Prix : \u00e0 partir de 90 \u20ac par personne. Tarif de groupe \u00e0 partir de 10 personnes.Une d\u00e9ambulation au plus pr\u00e8s des sites les plus incontournables de la ville.Inclus le Palais des Papes. (entr\u00e9e Pont d&rsquo;Avignon possible)* Pourquoi dit-on \u00ab\u00a0En Avignon\u00a0\u00bb ?* Pourquoi le Pont d&rsquo;Avignon [&hellip;]<\/p>\n","protected":false},"author":1,"featured_media":0,"parent":0,"menu_order":0,"comment_status":"closed","ping_status":"closed","template":"","meta":{"_et_pb_use_builder":"","_et_pb_old_content":"","_et_gb_content_width":"","footnotes":""},"class_list":["post-67","page","type-page","status-publish","hentry"],"_links":{"self":[{"href":"https:\/\/provenceoccitanieavecsylvia.com\/index.php\/wp-json\/wp\/v2\/pages\/67","targetHints":{"allow":["GET"]}}],"collection":[{"href":"https:\/\/provenceoccitanieavecsylvia.com\/index.php\/wp-json\/wp\/v2\/pages"}],"about":[{"href":"https:\/\/provenceoccitanieavecsylvia.com\/index.php\/wp-json\/wp\/v2\/types\/page"}],"author":[{"embeddable":true,"href":"https:\/\/provenceoccitanieavecsylvia.com\/index.php\/wp-json\/wp\/v2\/users\/1"}],"replies":[{"embeddable":true,"href":"https:\/\/provenceoccitanieavecsylvia.com\/index.php\/wp-json\/wp\/v2\/comments?post=67"}],"version-history":[{"count":5,"href":"https:\/\/provenceoccitanieavecsylvia.com\/index.php\/wp-json\/wp\/v2\/pages\/67\/revisions"}],"predecessor-version":[{"id":469,"href":"https:\/\/provenceoccitanieavecsylvia.com\/index.php\/wp-json\/wp\/v2\/pages\/67\/revisions\/469"}],"wp:attachment":[{"href":"https:\/\/provenceoccitanieavecsylvia.com\/index.php\/wp-json\/wp\/v2\/media?parent=67"}],"curies":[{"name":"wp","href":"https:\/\/api.w.org\/{rel}","templated":true}]}}